{"id":882,"date":"2021-01-07T08:38:36","date_gmt":"2021-01-07T14:38:36","guid":{"rendered":"http:\/\/checkiteasy.com\/main\/?page_id=882"},"modified":"2021-01-19T13:18:21","modified_gmt":"2021-01-19T19:18:21","slug":"privacy-notice","status":"publish","type":"page","link":"https:\/\/checkiteasy.com\/blog\/privacy-notice\/","title":{"rendered":"Privacy Notice"},"content":{"rendered":"\t\t<div data-elementor-type=\"wp-page\" data-elementor-id=\"882\" class=\"elementor elementor-882\" data-elementor-settings=\"[]\">\n\t\t\t\t\t\t<div class=\"elementor-inner\">\n\t\t\t\t\t\t\t<div class=\"elementor-section-wrap\">\n\t\t\t\t\t\t\t<section class=\"elementor-section elementor-top-section elementor-element elementor-element-98844bc elementor-section-full_width elementor-section-height-default elementor-section-height-default parallax_section_no qode_elementor_container_no\" data-id=\"98844bc\" data-element_type=\"section\">\n\t\t\t\t\t\t<div class=\"elementor-container elementor-column-gap-default\">\n\t\t\t\t\t\t\t<div class=\"elementor-row\">\n\t\t\t\t\t<div class=\"elementor-column elementor-col-100 elementor-top-column elementor-element elementor-element-93bc985\" data-id=\"93bc985\" data-element_type=\"column\">\n\t\t\t<div class=\"elementor-column-wrap elementor-element-populated\">\n\t\t\t\t\t\t\t<div class=\"elementor-widget-wrap\">\n\t\t\t\t\t\t\t\t<\/div>\n\t\t\t\t\t<\/div>\n\t\t<\/div>\n\t\t\t\t\t\t\t\t<\/div>\n\t\t\t\t\t<\/div>\n\t\t<\/section>\n\t\t\t\t<section class=\"elementor-section elementor-top-section elementor-element elementor-element-b197280 qode_elementor_container_inner elementor-section-boxed elementor-section-height-default elementor-section-height-default parallax_section_no\" data-id=\"b197280\" data-element_type=\"section\">\n\t\t\t\t\t\t<div class=\"elementor-container elementor-column-gap-default\">\n\t\t\t\t\t\t\t<div class=\"elementor-row\">\n\t\t\t\t\t<div class=\"elementor-column elementor-col-100 elementor-top-column elementor-element elementor-element-e642364\" data-id=\"e642364\" data-element_type=\"column\">\n\t\t\t<div class=\"elementor-column-wrap elementor-element-populated\">\n\t\t\t\t\t\t\t<div class=\"elementor-widget-wrap\">\n\t\t\t\t\t\t<div class=\"elementor-element elementor-element-f20cf54 elementor-widget elementor-widget-heading\" data-id=\"f20cf54\" data-element_type=\"widget\" data-widget_type=\"heading.default\">\n\t\t\t\t<div class=\"elementor-widget-container\">\n\t\t\t<h6 class=\"elementor-heading-title elementor-size-default\">Dated Jan. 2020<\/h6>\t\t<\/div>\n\t\t\t\t<\/div>\n\t\t\t\t<div class=\"elementor-element elementor-element-5205d28 elementor-widget elementor-widget-heading\" data-id=\"5205d28\" data-element_type=\"widget\" data-widget_type=\"heading.default\">\n\t\t\t\t<div class=\"elementor-widget-container\">\n\t\t\t<h2 class=\"elementor-heading-title elementor-size-default\">Privacy Notice<\/h2>\t\t<\/div>\n\t\t\t\t<\/div>\n\t\t\t\t\t\t<\/div>\n\t\t\t\t\t<\/div>\n\t\t<\/div>\n\t\t\t\t\t\t\t\t<\/div>\n\t\t\t\t\t<\/div>\n\t\t<\/section>\n\t\t\t\t<section class=\"elementor-section elementor-top-section elementor-element elementor-element-60d4abf qode_elementor_container_inner elementor-reverse-mobile elementor-section-boxed elementor-section-height-default elementor-section-height-default parallax_section_no\" data-id=\"60d4abf\" data-element_type=\"section\">\n\t\t\t\t\t\t<div class=\"elementor-container elementor-column-gap-default\">\n\t\t\t\t\t\t\t<div class=\"elementor-row\">\n\t\t\t\t\t<div class=\"elementor-column elementor-col-100 elementor-top-column elementor-element elementor-element-1541b05\" data-id=\"1541b05\" data-element_type=\"column\">\n\t\t\t<div class=\"elementor-column-wrap elementor-element-populated\">\n\t\t\t\t\t\t\t<div class=\"elementor-widget-wrap\">\n\t\t\t\t\t\t<div class=\"elementor-element elementor-element-eaac15c elementor-widget elementor-widget-text-editor\" data-id=\"eaac15c\" data-element_type=\"widget\" data-widget_type=\"text-editor.default\">\n\t\t\t\t<div class=\"elementor-widget-container\">\n\t\t\t\t\t<div class=\"elementor-text-editor elementor-clearfix\"><h6>Identificaci\u00f3n del responsable<\/h6><p>Los datos personales solicitados y\/o que sean proporcionados por todas las personas identificadas o identificables con motivo de cualquier env\u00edo, recepci\u00f3n, actualizaci\u00f3n y consulta de informaci\u00f3n (los \u201c\u200bDatos Personales\u200b\u201d), son tratados como responsable por Kilpatrick S. de R.L. de C.V.,\u200b en lo sucesivo &#8220;\u200bKilpatrick M\u00e9xico\u200b&#8221;, con domicilio en Avenida Santa Fe 170. Int 6-2-18, Colonia Santa Fe, Alvaro Obreg\u00f3n, en la Ciudad de M\u00e9xico, M\u00e9xico, C.P. 01376, en cumplimiento a lo dispuesto por la Ley Federal de Protecci\u00f3n de Datos Personales en Posesi\u00f3n de los Particulares (\u201c\u200bLFPDPPP\u200b\u201d o la \u201c\u200bLey\u200b\u201d) y el que resulte necesario, adecuado y relevante.<\/p><h6>\u00a0<\/h6><h6>Finalidades del uso de Datos Personales<\/h6><p>\u00a0<\/p><p>Kilpatrick M\u00e9xico dar\u00e1 tratamiento a sus Datos Personales con las siguientes finalidades.<\/p><p><strong>Finalidades Primarias:<\/strong><br \/>Creaci\u00f3n y en su caso actualizaci\u00f3n de nuestras bases de datos, tanto de sus Datos Personales como datos adicionales que se requieran, como pueden ser:<\/p><p>\u25cf Identificaci\u00f3n: nombre, fotograf\u00eda, firma, direcci\u00f3n, lugar y fecha de nacimiento, nacionalidad, correo electr\u00f3nico, estado civil, g\u00e9nero, huella digital, n\u00famero de seguridad social, CURP (Clave \u00danica de Registro de Poblaci\u00f3n); RFC (Registro Federal de Contribuyentes), estatus migratorio, as\u00ed como, la informaci\u00f3n contenida en identificaciones oficiales o comprobantes de domicilio.<\/p><p>\u25cf Laborales: nombre, domicilio, tel\u00e9fono, lugar y puestos de trabajo que ostent\u00f3 anteriormente, as\u00ed como duraci\u00f3n de esas relaciones laborales, membres\u00eda en organizaciones profesionales;<\/p><p>\u25cf Patrimoniales: datos bancarios (n\u00famero de cuenta, CLABE interbancaria), reporte de bur\u00f3 de cr\u00e9dito, comprobantes de ingresos.<\/p><p>\u25cf Contacto: Datos de identificaci\u00f3n de familiares o terceros relacionados con sus referencias laborales.<\/p><p>\u25cf Educativos: informaci\u00f3n hist\u00f3rica relativa a su educaci\u00f3n.<\/p><p>\u25cf Otros: pasatiempos, habilidades, preferencias, perfiles en redes sociales.<br \/>Lo anterior ser\u00e1 utilizado con el objetivo que Kilpatrick M\u00e9xico eval\u00fae la posibilidad de colocarlo como candidato en diversas vacantes de empleo de nuestros clientes, a quienes, a su vez, le ser\u00e1n transferidos los Datos Personales aplicables en aquellos casos donde Usted sea considerado como un candidato.<br \/>Asimismo, Kilpatrick M\u00e9xico utilizar\u00e1 sus Datos Personales para ponerse en notificarle sobre cualquier informaci\u00f3n relacionada con sus Datos Personales, atender dudas, quejas, comentarios, sugerencias, aclaraciones, y dar seguimiento a las mismas y cumplir con los requerimientos de las autoridades competentes que sean procedentes.<\/p><h6>\u00a0<\/h6><p><strong>Finalidades Secundarias:<\/strong><br \/>De manera complementaria, utilizaremos sus Datos Personales para otras finalidades que si bien, no son estrictamente necesarias para otorgarle el servicio solicitado, nos facilitan brindarle un mejor servicio al cliente:<br \/>\u25cf Investigaciones y an\u00e1lisis de mercado, informes estad\u00edsticos, estudios laborales y\/o de remuneraci\u00f3n, perfiles profesionales o educativos, y otros relacionados.<br \/>\u25cf Evaluaciones y encuestas relacionadas a nuestro servicio.<br \/>\u25cf Proporcionarle informaci\u00f3n oportuna (general o acorde a su perfil), a trav\u00e9s de<br \/>cualquier medio de comunicaci\u00f3n disponible.<br \/>\u25cf Compartirle cualquier otro tipo de informaci\u00f3n promocional o informativa de<br \/>Kilpatrick M\u00e9xico y\/o de las empresas del grupo.<br \/>En caso de considerarlo oportuno, en cualquier momento podr\u00e1 manifestar su negativa para el tratamiento de sus Datos Personales respecto de las finalidades secundarias. Para lo anterior, le solicitamos atentamente completar seguir las indicaciones establecidas en la secci\u00f3n de \u201cDerechos ARCO\u201d, contenida m\u00e1s adelante en el presente Aviso de Privacidad.<\/p><h6>\u00a0<\/h6><h6>Datos Personales sensibles<\/h6><p>\u00a0<\/p><p>Adicionalmente a los datos personales mencionados anteriormente, para dar cumplimiento a las finalidades del presente Aviso de Privacidad, podremos utilizar otros datos personales que son considerados como sensibles, como aquellos ideol\u00f3gicos, filos\u00f3ficos, afiliaciones sindicales, opiniones pol\u00edticas o sociales, datos de salud, vida sexual, origen racial o \u00e9tnico.<br \/>Otorgo mi consentimiento conforme al presente Aviso de Privacidad para el tratamiento de mis datos sensibles, as\u00ed como datos personales, financieros y patrimoniales.<br \/>( ) ACEPTO<br \/>( ) NO ACEPTO<br \/>Nota: Por favor considere que su negativa para el tratamiento de sus Datos Personales conforme al Aviso de Privacidad implicar\u00e1 la imposibilidad de prestaci\u00f3n de servicios por parte de Kilpatrick M\u00e9xico.<\/p><h6>\u00a0<\/h6><h6>Transferencia de Datos Personales<\/h6><p>\u00a0<\/p><p>La informamos que sus Datos Personales podr\u00e1n ser compartidos a terceros, dentro y fuera de los Estados Unidos Mexicanos (\u201cM\u00e9xico\u201d) con los siguientes objetivos:<br \/>1. Clientes Kilpatrick M\u00e9xico. Para ser considerado como candidato en el proceso de selecci\u00f3n y\/o reclutamiento, y con respecto a las vacantes disponibles.<br \/>2. Otras empresas del grupo. Con fines de mercadotecnia, asistencia comercial, publicidad o servicios relacionados.<\/p><p>Estas transferencias de sus Datos Personales ser\u00e1n realizadas con todas las medidas de seguridad apropiadas, de conformidad con los principios contenidos en la Ley, su Reglamento y los lineamientos del Aviso de Privacidad (en adelante y conjuntamente &#8220;\u200bLa Legislaci\u00f3n\u200b&#8221;).<br \/>Otorgo mi consentimiento conforme al presente Aviso de Privacidad para la transferencia de mis Datos Personales conforme la Legislaci\u00f3n.<br \/>( ) ACEPTO<br \/>( ) NO ACEPTO<\/p><h6>\u00a0<\/h6><h6>Procedimiento para dar atenci\u00f3n a las solicitudes de revocaci\u00f3n y de Derechos ARCO (Acceso, Rectificaci\u00f3n, Cancelaci\u00f3n y Oposici\u00f3n)<\/h6><p>\u00a0<\/p><p>Los Datos Personales que nos proporcione en su solicitud de Derecho ARCO, ser\u00e1n tratados con la siguiente finalidad primaria:<br \/>Dar tr\u00e1mite, investigar y responder a la solicitud de Derecho \u201cARCO\u201d.<br \/>Para iniciar el proceso de solicitud de Derecho ARCO (Derecho de Acceso, Rectificaci\u00f3n, Cancelaci\u00f3n, u Oposici\u00f3n de sus Datos Personales), y para la revocaci\u00f3n de su consentimiento al tratamiento de sus Datos Personales, deber\u00e1 solicitarlo por medio de un correo electr\u00f3nico a la direcci\u00f3n \u200bprivacy@kilpatrick.one\u200b, o un escrito en nuestras oficinas ubicadas en Avenida Santa Fe 170. Int 6-2-18, Colonia Santa Fe, Alvaro Obreg\u00f3n, en la Ciudad de M\u00e9xico, M\u00e9xico, C.P. 01376 (enviando copia del escrito al mismo correo electr\u00f3nico). Con el fin de que se le responda a su solicitud, dicho escrito deber\u00e1 contener e incluir lo siguiente:<br \/>1. El nombre completo del titular, su domicilio completo, tel\u00e9fono y su direcci\u00f3n de correo electr\u00f3nico (por correo electr\u00f3nico se le comunicar\u00e1 la respuesta a su solicitud).<br \/>2. Una descripci\u00f3n clara, precisa y espec\u00edfica de los Datos Personales respecto de los que se busca ejercer alguno de los derechos mencionados, as\u00ed como el detalle de cualquier elemento o documento que facilite la localizaci\u00f3n de los Datos Personales.<br \/>3. Copia legible de una identificaci\u00f3n oficial vigente del titular y, trat\u00e1ndose de un tr\u00e1mite llevado a cabo por un representante legal, se deber\u00e1 adjuntar adicionalmente la copia del instrumento p\u00fablico correspondiente que acredite la representaci\u00f3n legal, as\u00ed como una copia de la identificaci\u00f3n oficial vigente del representante legal.<br \/>En el caso de un Derecho ARCO de Rectificaci\u00f3n de Datos Personales, se deber\u00e1 adjuntar la documentaci\u00f3n que sustente la solicitud, especificando las modificaciones solicitadas.<br \/>Una vez presentada su solicitud en el domicilio indicado, se podr\u00e1 solicitarle en un periodo no mayor a 5 (cinco) d\u00edas h\u00e1biles, la informaci\u00f3n y\/o documentaci\u00f3n necesaria para su seguimiento, as\u00ed como para la acreditaci\u00f3n de su identidad, de acuerdo a los t\u00e9rminos que marca la Legislaci\u00f3n vigente. Por lo que usted contar\u00e1 con 5 (cinco) d\u00edas h\u00e1biles posteriores a su recepci\u00f3n, para atender este requerimiento. De lo contrario su solicitud se tendr\u00e1 por no presentada.<br \/>En un plazo de 20 (veinte) d\u00edas h\u00e1biles, contados desde la fecha en que se recibi\u00f3 correctamente la solicitud, se emitir\u00e1 una resoluci\u00f3n la cual le ser\u00e1 notificada a la direcci\u00f3n de correo electr\u00f3nico que haya establecido en su solicitud. Una vez emitida la resoluci\u00f3n y en caso de que la misma sea procedente (parcial o totalmente), se contar\u00e1 con 15 (quince) d\u00edas h\u00e1biles siguientes a la fecha en que se comunica la respuesta para adoptar dicha resoluci\u00f3n.<br \/>Los t\u00e9rminos y plazos indicados en los p\u00e1rrafos anteriores podr\u00e1n ser ampliados una sola vez en caso de ser necesario y se le deber\u00e1 notificar a trav\u00e9s de los medios de contacto que haya establecido.<br \/>La revocaci\u00f3n y el ejercicio de los Derechos ARCO ser\u00e1n gratuitos, debiendo usted cubrir \u00fanicamente los gastos justificados de env\u00edo (en su caso), o el costo de reproducci\u00f3n en copias u otros formatos establecidos en su solicitud.<br \/>Los Datos Personales que nos proporcione en su solicitud de Derechos ARCO podr\u00e1n ser conservados por un per\u00edodo de 5 a\u00f1os o m\u00e1s de ser necesario y conforme a la legislaci\u00f3n aplicable vigente, tanto en medios f\u00edsicos y\/o electr\u00f3nicos y posteriormente, si as\u00ed se solicita por escrito, descartados a efecto de evitar un tratamiento indebido de los mismos.<\/p><h6>\u00a0<\/h6><h6>Miscel\u00e1neos<\/h6><p>\u00a0<\/p><p>Usted podr\u00e1 revocar en cualquier momento dicho consentimiento a trav\u00e9s de las herramientas que pongamos a su disposici\u00f3n conforme al presente Aviso de Privacidad.<\/p><p>Sin perjuicio de lo anterior, es importante que tenga en cuenta que no en todos los casos se podr\u00e1 atender su solicitud o concluir el uso de forma inmediata, ya que, es posible que por alguna obligaci\u00f3n legal se requiera seguir tratando sus Datos Personales. Asimismo, usted deber\u00e1 considerar que la revocaci\u00f3n de su consentimiento implicar\u00e1 que no se le puedan cumplir las finalidades mencionadas en el presente Aviso de Privacidad.<br \/>Sus Datos Personales ser\u00e1n tratados con base en los principios de licitud, consentimiento, informaci\u00f3n, calidad, finalidad, lealtad, proporcionalidad y responsabilidad en t\u00e9rminos de la Legislaci\u00f3n aplicable. Se mantendr\u00e1 la confidencialidad de sus Datos Personales estableciendo y manteniendo de forma efectiva las medidas de seguridad administrativas, t\u00e9cnicas y f\u00edsicas para cumplir con las disposiciones normativas y con las pol\u00edticas internas de Kilpatrick M\u00e9xico, para evitar su da\u00f1o, p\u00e9rdida, alteraci\u00f3n, destrucci\u00f3n, uso, acceso o divulgaci\u00f3n indebida.<\/p><p><br \/>En caso de que ocurra una vulneraci\u00f3n de seguridad en cualquier fase del tratamiento de sus Datos Personales, Kilpatrick M\u00e9xico se lo har\u00e1 de su conocimiento a trav\u00e9s de los medios de contacto que usted haya proporcionado para efecto de que tome las medidas correspondientes a fin de resguardar sus derechos.<\/p><p><br \/>En caso de realizar alguna modificaci\u00f3n o actualizaci\u00f3n al presente Aviso de Privacidad se har\u00e1 de su conocimiento a trav\u00e9s de los medios de contacto se tengan registrados o bien, a trav\u00e9s de nuestra p\u00e1gina web. Asimismo, el presente Aviso de Privacidad tambi\u00e9n<\/p><p>estar\u00e1 disponible en nuestras oficinas corporativas ubicadas en Avenida Santa Fe 170. Int 6-2-18, Colonia Santa Fe, Alvaro Obreg\u00f3n, en la Ciudad de M\u00e9xico, M\u00e9xico, C.P. 01376.<\/p><p><br \/>Contacto para temas relacionados con el Aviso de Privacidad<br \/><br \/>Kilpatrick, S. de R.L. de C.V. |<br \/>Departamento de Protecci\u00f3n de Datos Personales<br \/>Avenida Santa Fe 170. Int 6-2-18, Colonia Santa Fe, Alvaro Obreg\u00f3n. Ciudad de M\u00e9xico, CP. 01376<br \/><a href=\"mailto:privacy@kilpatrick.one\">privacy@kilpatrick.one<\/a><br \/>Lunes a viernes (d\u00edas h\u00e1biles y sujeto a normatividad): de 8 a 13 hrs.<\/p><\/div>\n\t\t\t\t<\/div>\n\t\t\t\t<\/div>\n\t\t\t\t\t\t<\/div>\n\t\t\t\t\t<\/div>\n\t\t<\/div>\n\t\t\t\t\t\t\t\t<\/div>\n\t\t\t\t\t<\/div>\n\t\t<\/section>\n\t\t\t\t<section class=\"elementor-section elementor-top-section elementor-element elementor-element-506daf6 qode_elementor_container_inner elementor-section-full_width elementor-section-stretched elementor-section-height-default elementor-section-height-default parallax_section_no\" data-id=\"506daf6\" data-element_type=\"section\" data-settings=\"{&quot;background_background&quot;:&quot;classic&quot;,&quot;stretch_section&quot;:&quot;section-stretched&quot;}\">\n\t\t\t\t\t\t<div class=\"elementor-container elementor-column-gap-default\">\n\t\t\t\t\t\t\t<div class=\"elementor-row\">\n\t\t\t\t\t<div class=\"elementor-column elementor-col-100 elementor-top-column elementor-element elementor-element-f8d5300\" data-id=\"f8d5300\" data-element_type=\"column\">\n\t\t\t<div class=\"elementor-column-wrap elementor-element-populated\">\n\t\t\t\t\t\t\t<div class=\"elementor-widget-wrap\">\n\t\t\t\t\t\t<div class=\"elementor-element elementor-element-c50f8ad elementor-widget elementor-widget-heading\" data-id=\"c50f8ad\" data-element_type=\"widget\" data-widget_type=\"heading.default\">\n\t\t\t\t<div class=\"elementor-widget-container\">\n\t\t\t<h2 class=\"elementor-heading-title elementor-size-default\">Looking for high-volume discounts<br>\nor custom background checks?<br>\nWe can help.\n<\/h2>\t\t<\/div>\n\t\t\t\t<\/div>\n\t\t\t\t<div class=\"elementor-element elementor-element-b1bea91 elementor-align-center elementor-widget elementor-widget-button\" data-id=\"b1bea91\" data-element_type=\"widget\" data-widget_type=\"button.default\">\n\t\t\t\t<div class=\"elementor-widget-container\">\n\t\t\t\t\t<div class=\"elementor-button-wrapper\">\n\t\t\t<a href=\"http:\/\/checkiteasy.com\/main\/contact\/\" class=\"elementor-button-link elementor-button elementor-size-sm\" role=\"button\">\n\t\t\t\t\t\t<span class=\"elementor-button-content-wrapper\">\n\t\t\t\t\t\t<span class=\"elementor-button-text\">GET A QUOTE<\/span>\n\t\t<\/span>\n\t\t\t\t\t<\/a>\n\t\t<\/div>\n\t\t\t\t<\/div>\n\t\t\t\t<\/div>\n\t\t\t\t\t\t<\/div>\n\t\t\t\t\t<\/div>\n\t\t<\/div>\n\t\t\t\t\t\t\t\t<\/div>\n\t\t\t\t\t<\/div>\n\t\t<\/section>\n\t\t\t\t\t\t<\/div>\n\t\t\t\t\t\t<\/div>\n\t\t\t\t\t<\/div>\n\t\t","protected":false},"excerpt":{"rendered":"<p>Dated Jan. 2020 Privacy Notice Identificaci\u00f3n del responsable Los datos personales solicitados y\/o que sean proporcionados por todas las personas identificadas o identificables con motivo de cualquier env\u00edo, recepci\u00f3n, actualizaci\u00f3n y consulta de informaci\u00f3n (los \u201c\u200bDatos Personales\u200b\u201d), son tratados como responsable por Kilpatrick S. de&#8230;<\/p>\n","protected":false},"author":1,"featured_media":0,"parent":0,"menu_order":0,"comment_status":"closed","ping_status":"closed","template":"full_width.php","meta":{"footnotes":""},"class_list":["post-882","page","type-page","status-publish","hentry"],"yoast_head":"<!-- This site is optimized with the Yoast SEO plugin v15.5 - https:\/\/yoast.com\/wordpress\/plugins\/seo\/ -->\n<title>Privacy Notice - Check it easy<\/title>\n<meta name=\"robots\" content=\"index, follow, max-snippet:-1, max-image-preview:large, max-video-preview:-1\" \/>\n<link rel=\"canonical\" href=\"https:\/\/checkiteasy.com\/blog\/privacy-notice\/\" \/>\n<meta property=\"og:locale\" content=\"en_US\" \/>\n<meta property=\"og:type\" content=\"article\" \/>\n<meta property=\"og:title\" content=\"Privacy Notice - Check it easy\" \/>\n<meta property=\"og:description\" content=\"Dated Jan. 2020 Privacy Notice Identificaci\u00f3n del responsable Los datos personales solicitados y\/o que sean proporcionados por todas las personas identificadas o identificables con motivo de cualquier env\u00edo, recepci\u00f3n, actualizaci\u00f3n y consulta de informaci\u00f3n (los \u201c\u200bDatos Personales\u200b\u201d), son tratados como responsable por Kilpatrick S. de...\" \/>\n<meta property=\"og:url\" content=\"https:\/\/checkiteasy.com\/blog\/privacy-notice\/\" \/>\n<meta property=\"og:site_name\" content=\"Check it easy\" \/>\n<meta property=\"article:modified_time\" content=\"2021-01-19T19:18:21+00:00\" \/>\n<meta name=\"twitter:card\" content=\"summary_large_image\" \/>\n<meta name=\"twitter:label1\" content=\"Est. reading time\">\n\t<meta name=\"twitter:data1\" content=\"7 minutes\">\n<script type=\"application\/ld+json\" class=\"yoast-schema-graph\">{\"@context\":\"https:\/\/schema.org\",\"@graph\":[{\"@type\":\"WebSite\",\"@id\":\"https:\/\/checkiteasy.com\/blog\/#website\",\"url\":\"https:\/\/checkiteasy.com\/blog\/\",\"name\":\"Check it easy\",\"description\":\"Employment Background Check Services for Companies\",\"potentialAction\":[{\"@type\":\"SearchAction\",\"target\":\"https:\/\/checkiteasy.com\/blog\/?s={search_term_string}\",\"query-input\":\"required name=search_term_string\"}],\"inLanguage\":\"en-US\"},{\"@type\":\"WebPage\",\"@id\":\"https:\/\/checkiteasy.com\/blog\/privacy-notice\/#webpage\",\"url\":\"https:\/\/checkiteasy.com\/blog\/privacy-notice\/\",\"name\":\"Privacy Notice - Check it easy\",\"isPartOf\":{\"@id\":\"https:\/\/checkiteasy.com\/blog\/#website\"},\"datePublished\":\"2021-01-07T14:38:36+00:00\",\"dateModified\":\"2021-01-19T19:18:21+00:00\",\"inLanguage\":\"en-US\",\"potentialAction\":[{\"@type\":\"ReadAction\",\"target\":[\"https:\/\/checkiteasy.com\/blog\/privacy-notice\/\"]}]}]}<\/script>\n<!-- \/ Yoast SEO plugin. -->","_links":{"self":[{"href":"https:\/\/checkiteasy.com\/blog\/wp-json\/wp\/v2\/pages\/882","targetHints":{"allow":["GET"]}}],"collection":[{"href":"https:\/\/checkiteasy.com\/blog\/wp-json\/wp\/v2\/pages"}],"about":[{"href":"https:\/\/checkiteasy.com\/blog\/wp-json\/wp\/v2\/types\/page"}],"author":[{"embeddable":true,"href":"https:\/\/checkiteasy.com\/blog\/wp-json\/wp\/v2\/users\/1"}],"replies":[{"embeddable":true,"href":"https:\/\/checkiteasy.com\/blog\/wp-json\/wp\/v2\/comments?post=882"}],"version-history":[{"count":20,"href":"https:\/\/checkiteasy.com\/blog\/wp-json\/wp\/v2\/pages\/882\/revisions"}],"predecessor-version":[{"id":1089,"href":"https:\/\/checkiteasy.com\/blog\/wp-json\/wp\/v2\/pages\/882\/revisions\/1089"}],"wp:attachment":[{"href":"https:\/\/checkiteasy.com\/blog\/wp-json\/wp\/v2\/media?parent=882"}],"curies":[{"name":"wp","href":"https:\/\/api.w.org\/{rel}","templated":true}]}}